{"id":908,"date":"2025-11-28T08:38:39","date_gmt":"2025-11-28T08:38:39","guid":{"rendered":"http:\/\/agri.dmu.edu.et\/?page_id=908"},"modified":"2025-11-28T08:38:39","modified_gmt":"2025-11-28T08:38:39","slug":"dr-sintayehu-musie-mulugeta","status":"publish","type":"page","link":"https:\/\/agri.dmu.edu.et\/?page_id=908","title":{"rendered":"Dr. Sintayehu Musie Mulugeta"},"content":{"rendered":"\n<figure class=\"wp-block-image size-full is-resized\"><img fetchpriority=\"high\" decoding=\"async\" width=\"256\" height=\"241\" src=\"http:\/\/agri.dmu.edu.et\/wp-content\/uploads\/sites\/9\/2025\/11\/Sintayehu-Musie-Mulugeta.jpg\" alt=\"\" class=\"wp-image-907\" style=\"width:172px;height:auto\"\/><\/figure>\n\n\n\n<p><strong>Full name<\/strong>: &#8211; Sintayehu Musie Mulugeta<\/p>\n\n\n\n<p><strong>Specialization<\/strong>: &#8211; Crop and Horticulture Sciences (<em>Medicinal and aromatic plants<\/em>)<\/p>\n\n\n\n<p><strong>Academic Rank<\/strong>: &#8211; Assistant professor (PhD)<\/p>\n\n\n\n<p><strong>Department<\/strong>: &#8211; Horticulture<\/p>\n\n\n\n<p><strong>Phone number<\/strong>: +251-901-160-606<\/p>\n\n\n\n<p><strong>Institutional email and alternative email: &#8211;<\/strong> <a href=\"mailto:musiesinte@gmail.com\">musiesinte@gmail.com<\/a> or <a href=\"mailto:Sintayehu_musie@dmu.edu.et\">Sintayehu_musie@dmu.edu.et<\/a><\/p>\n\n\n\n<p><strong>Research interests: <\/strong><a href=\"https:\/\/scholar.google.com\/citations?view_op=search_authors&amp;hl=en&amp;mauthors=label:plant_stress_physiology\">Plant stress physiology<\/a>, <a href=\"https:\/\/scholar.google.com\/citations?view_op=search_authors&amp;hl=en&amp;mauthors=label:medicinal_and_aromatic_plants\">medicinal and aromatic plants<\/a>, <a href=\"https:\/\/scholar.google.com\/citations?view_op=search_authors&amp;hl=en&amp;mauthors=label:phytochemistry\">phytochemistry<\/a>, food safety, <a href=\"https:\/\/scholar.google.com\/citations?view_op=search_authors&amp;hl=en&amp;mauthors=label:post_harvest_management\">post-harvest management<\/a> and integrated soil fertility management<\/p>\n\n\n\n<p><strong>List of Publications: &#8211;<\/strong><\/p>\n\n\n\n<ol class=\"wp-block-list\">\n<li><strong>Mulugeta, S.M.,<\/strong> Hunegnaw, A. T., H\u00e1ri, K. and Rad\u00e1csi, P. (2025). Biomass production and volatile oil accumulation of\u00a0<em>Ocimum<\/em>\u00a0species subjected to drought stress.\u00a0<em>Horticulturae<\/em>,\u00a0<em>11<\/em>(10), 1266. <a href=\"https:\/\/doi.org\/10.3390\/horticulturae11101266\">https:\/\/doi.org\/10.3390\/horticulturae11101266<\/a><\/li>\n\n\n\n<li>Tadele, H., Feyisa, T.,\u00a0Tsegaye, L. and <strong>Musie, S.<\/strong> (2025). Inorganic N-P nutrients, biochar and vermicompost levels on sustainability yield index and economic profitability of maize (<em>Zea mays<\/em>\u00a0L.) in Northwestern Ethiopia. <a href=\"file:\/\/\/C:\/Users\/dmu\/Downloads\/J.%20Agri.%20Food%20Res\"><em>J. Agri. Food Res.<\/em><\/a><em>, 23: <\/em>\u00a0102287. <a href=\"https:\/\/doi.org\/10.1016\/j.jafr.2025.102287\" target=\"_blank\" rel=\"noreferrer noopener\">https:\/\/doi.org\/10.1016\/j.jafr.2025.102287<\/a><\/li>\n\n\n\n<li>Tadele, H., Feyisa, T., Tsegaye, L., and <strong>Musie, S.<\/strong> (2025). Integrated nutrient management for maize phenology and growth performance: Biochar, vermicompost, and N-P nutrients in northwestern Ethiopia. <em>Agrosyst.\u00a0Geosci.\u00a0Environ<\/em>., 8, e70158. <a href=\"https:\/\/doi.org\/10.1002\/agg2.70158\">https:\/\/doi.org\/10.1002\/agg2.70158<\/a><\/li>\n\n\n\n<li><strong>Mulugeta, S.M.,<\/strong> Gosztola, B. and Rad\u00e1csi, P. (2024). Diversity in morphology and bioactive compounds among selected <em>Ocimum <\/em>species. <em>Biochem. Syst. Eco<\/em>., 114, 104826. <a href=\"https:\/\/doi.org\/10.1016\/j.bse.2024.104826\">https:\/\/doi.org\/10.1016\/j.bse.2024.104826<\/a><\/li>\n\n\n\n<li><strong>Mulugeta, S.M.,<\/strong> Pluh\u00e1r, Z. and Rad\u00e1csi, P. (2024). Phenotypic variations and bioactive constituents among selected <em>Ocimum<\/em> species. <em>Plants<\/em>, 13(1):64. <a href=\"https:\/\/doi.org\/10.3390\/plants13010064\">https:\/\/doi.org\/10.3390\/plants13010064<\/a><\/li>\n\n\n\n<li><strong>Mulugeta, S.M.,<\/strong> S\u00e1rosi, S., and Rad\u00e1csi, P. (2023). Physio-morphological trait and bioactive constituents of Ocimum species under drought stress. <em>Ind. Crops Prod<\/em>., 205, 117545. <a href=\"https:\/\/doi.org\/10.1016\/J.INDCROP.2023.117545\">https:\/\/doi.org\/10.1016\/J.INDCROP.2023.117545<\/a>\u00a0<\/li>\n\n\n\n<li>Yohannes, G. and <strong>Mulugeta, S.M.<\/strong> (2023). Impacts of heavy metal pollution on Ethiopian agriculture: A Review on the safety and quality of vegetable crops. <em>Advances in Agri.,<\/em> 2023, <a href=\"https:\/\/doi.org\/10.1155\/2023\/1457498\">https:\/\/doi.org\/10.1155\/2023\/1457498<\/a><\/li>\n\n\n\n<li><strong>Mulugeta, S.M.<\/strong>\u00a0 and Rad\u00e1csi, P. (2022). Influence of drought stress on growth and essential oil yield of Ocimum species. <em>Horticulturae<\/em>, 8 (175): 1-12. <a href=\"https:\/\/doi.org\/10.3390\/horticulturae8020175\">https:\/\/doi.org\/10.3390\/horticulturae8020175<\/a><\/li>\n\n\n\n<li>Zebider, T.N., Solomon, A.G., <strong>Mulugeta, S.M<\/strong>. and Yalmtesfa, F.G. (2022). Genotype by environmental interaction and measurements of stability on eight orange-fleshed sweet potato (<em>Ipomoea batatas<\/em>) varieties: East Gojjam Zone, Northwest Ethiopia.\u00a0<em>Advances in Agri.<\/em>, 2022, <a href=\"https:\/\/doi.org\/10.1155\/2022\/3117092\">https:\/\/doi.org\/10.1155\/2022\/3117092<\/a><\/li>\n\n\n\n<li><strong>Mulugeta, S.M.,<\/strong> Rad\u00e1csi, P. and Gosztola, B. (2022). Morphological and biochemical responses of selected <em>Ocimum<\/em> species under drought. <em>Herba polon<\/em>., 68(4):1-10. <a href=\"https:\/\/doi.org\/10.2478\/hepo-2022-0019\">https:\/\/doi.org\/10.2478\/hepo-2022-0019<\/a>\u00a0<\/li>\n\n\n\n<li>Amare, T., <strong>Mulugeta, S.M.,<\/strong> Esubalew T. and Solomon, A. (2020). Income inequality and nutrition insecurity among rural<strong> <\/strong>households: A Gini-Coefficient Causality Analysis in Ethiopia. <em>J. Econ. and Sust. Dev\u2019t<\/em>. 11 (1): 1-8.<\/li>\n\n\n\n<li>Rad\u00e1csi, P., Inotai, K., S\u00e1rosi, S., H\u00e1ri, K., Seidler-\u0141o\u017cykowska, K., <strong>Musie<\/strong>, S. and Z\u00e1mborin\u00e9, \u00c9.N. (2020). Effect of irrigation on the production and volatile compounds of sweet basil cultivars (L.). <em>Herba Polon<\/em>., 66:14-24. <a href=\"https:\/\/doi.org\/10.2478\/hepo-2020-0021\">https:\/\/doi.org\/10.2478\/hepo-2020-0021<\/a> .<\/li>\n\n\n\n<li>Stettz, S, Zaitchik, BF, Ademe, D,\u00a0<strong>Musie, S. and <\/strong>Simane, B. (2019). Estimating variability in downwelling surface shortwave radiation in a tropical highland environment. <em>PLoS ONE<\/em> 14(2):1-18.\u00a0<\/li>\n\n\n\n<li>Solomon, A.,\u00a0<strong>Musie, S.<\/strong>\u00a0and Yohanes, G. (2018). Evaluation of Yield and Yield Related Attributes of Potato (<em>Solanum tuberosum<\/em>\u00a0L.) Varieties in East Gojjam Zone, Ethiopia.\u00a0 <em>J. Bio. Agri. Healthcare<\/em>, 8(23):46-52.<\/li>\n\n\n\n<li><strong>Musie, S.<\/strong> and Yebirzaf, Y. (2017). Review on Significance of organic farming on soil, food quality and human health. Advances in Life Science and Tech., 61: 38-54.<\/li>\n\n\n\n<li><strong>Musie, S.<\/strong>, Ali M., Derbew B. and Essubalew G. (2015). Growth Response of Hot Pepper Varieties to Different Mulch Types at Jimma, Southwestern Ethiopia. <em>American-Eurasian J. Agric. &amp; Environ. Sci<\/em>., 15 (5): 733-743.<\/li>\n\n\n\n<li><strong>Musie. S.<\/strong>, Ali, M., Derbew, B. and Essubalew, G. (2015). Impact of organic mulch Materials on yield and yields Attributes of Hot Pepper Varieties at Jimma, Southwest Ethiopia. <em>American-Eurasian J. Agric.\u00a0 Environ. Sci<\/em>., 15 (11): 2201 &#8211; 2210.<\/li>\n<\/ol>\n\n\n\n<p><strong>Professional networking platforms: <\/strong>&nbsp;<\/p>\n\n\n\n<ul class=\"wp-block-list\">\n<li><strong>Orcid ID: &#8211; <\/strong><a href=\"https:\/\/orcid.org\/0000-0001-8510-1983\">https:\/\/orcid.org\/0000-0001-8510-1983<\/a><strong> <\/strong><\/li>\n\n\n\n<li><strong>LinkedIn: &#8211; <\/strong><a href=\"https:\/\/www.linkedin.com\/in\/sintayehu-musie-a97b0a1a\/\">https:\/\/www.linkedin.com\/in\/sintayehu-musie-a97b0a1a\/<\/a><strong> <\/strong><\/li>\n\n\n\n<li><strong>Google scholar: <\/strong><a href=\"https:\/\/scholar.google.com\/citations?user=TarFfnQAAAAJ&amp;hl=en&amp;oi=ao\">https:\/\/scholar.google.com\/citations?user=TarFfnQAAAAJ&amp;hl=en&amp;oi=ao<\/a><strong> <\/strong><\/li>\n<\/ul>\n","protected":false},"excerpt":{"rendered":"<p>Full name: &#8211; Sintayehu Musie Mulugeta Specialization: &#8211; Crop and Horticulture Sciences (Medicinal and aromatic plants) Academic Rank: &#8211; Assistant professor (PhD) Department: &#8211; Horticulture Phone number: +251-901-160-606 Institutional email and alternative email: &#8211; musiesinte@gmail.com or Sintayehu_musie@dmu.edu.et Research interests: Plant stress physiology, medicinal and aromatic plants, phytochemistry, food safety, post-harvest management and integrated soil fertility [&hellip;]<\/p>\n","protected":false},"author":1,"featured_media":0,"parent":0,"menu_order":0,"comment_status":"closed","ping_status":"closed","template":"","meta":{"footnotes":""},"class_list":["post-908","page","type-page","status-publish","hentry"],"_links":{"self":[{"href":"https:\/\/agri.dmu.edu.et\/index.php?rest_route=\/wp\/v2\/pages\/908","targetHints":{"allow":["GET"]}}],"collection":[{"href":"https:\/\/agri.dmu.edu.et\/index.php?rest_route=\/wp\/v2\/pages"}],"about":[{"href":"https:\/\/agri.dmu.edu.et\/index.php?rest_route=\/wp\/v2\/types\/page"}],"author":[{"embeddable":true,"href":"https:\/\/agri.dmu.edu.et\/index.php?rest_route=\/wp\/v2\/users\/1"}],"replies":[{"embeddable":true,"href":"https:\/\/agri.dmu.edu.et\/index.php?rest_route=%2Fwp%2Fv2%2Fcomments&post=908"}],"version-history":[{"count":1,"href":"https:\/\/agri.dmu.edu.et\/index.php?rest_route=\/wp\/v2\/pages\/908\/revisions"}],"predecessor-version":[{"id":909,"href":"https:\/\/agri.dmu.edu.et\/index.php?rest_route=\/wp\/v2\/pages\/908\/revisions\/909"}],"wp:attachment":[{"href":"https:\/\/agri.dmu.edu.et\/index.php?rest_route=%2Fwp%2Fv2%2Fmedia&parent=908"}],"curies":[{"name":"wp","href":"https:\/\/api.w.org\/{rel}","templated":true}]}}